{"id":4797,"date":"2021-04-29T11:31:17","date_gmt":"2021-04-29T09:31:17","guid":{"rendered":"https:\/\/vario-shirts.com\/?post_type=product&#038;p=4797"},"modified":"2025-03-24T08:52:03","modified_gmt":"2025-03-24T06:52:03","slug":"medi-c-top-kontrast","status":"publish","type":"product","link":"https:\/\/vario-shirts.com\/?product=medi-c-top-kontrast","title":{"rendered":"Medi-C Top Kontrast"},"content":{"rendered":"<p>Schmal geschnittenes Basic-Top mit sch\u00f6nem Rundhals-Ausschnitt und kontrastfarbenem Halsausschnitt (bitte als Zweitfarbe w\u00e4hlen).<\/p>\n<p><strong>Schulterbreite<\/strong>: ca. 5 cm<br \/>\n<strong>Halsausschnitt: <\/strong>ca. 10 cm tief<\/p>\n<p><strong>L\u00e4nge:<\/strong><br \/>\nnormal ca. 60 cm,<br \/>\nextra lang ca. 70 cm (+ 10,- EUR)<\/p>\n<p>bitte bei den Optionen w\u00e4hlen<\/p>\n<p><strong>Gr\u00f6\u00dfe<\/strong>:<br \/>\nKann in Gr\u00f6\u00dfe 32, 34, 36, 38, 40, 42, 44 oder 46 gefertigt werden.<br \/>\nBitte die Ma\u00dftabelle bei den Bildern beachten, die Gr\u00f6\u00dfen fallen vergleichsweise klein aus!<\/p>\n<p><img decoding=\"async\" loading=\"lazy\" class=\"alignright size-full wp-image-3631\" src=\"https:\/\/vario-shirts.com\/wp-content\/uploads\/2020\/03\/SchnittformVS.jpg\" alt=\"\" width=\"301\" height=\"374\" \/><br \/>\n<strong>Schnittform<\/strong>:<br \/>\nenganliegend<br \/>\nleicht tailliert oder<br \/>\ngerade geschnitten<br \/>\nbitte bei den Optionen w\u00e4hlen<\/p>\n<p>\u201eEnganliegend\u201c bedeutet, da wo die K\u00f6rperma\u00dfe mit der Ma\u00dftabelle \u00fcbereinstimmen, liegt das Shirt durchgehend am K\u00f6rper an.<br \/>\nDie Schnittform \u201cleicht tailliert\u201d ist im Taillenbereich ca. 5 cm weiter.<br \/>\nDie \u201egerade geschnittenen\u201c Shirts sitzen im Bauchbereich entsprechend lockerer.<\/p>\n<p><strong>Material:<\/strong><br \/>\nViskose-Jersey, 96% Viskose, 4% Elasthan<br \/>\n\u00d6ko-Tex Standard 100 zertifiziert, in Deutschland hergestellt<\/p>\n<p><strong>Pflege:<\/strong><br \/>\nWaschen: 30\u00b0 C Feinw\u00e4sche<br \/>\nB\u00fcgeln: 1 Punkt<br \/>\nTrockner: nein<\/p>\n<p><strong>Herkunft: <\/strong><br \/>\nDieses Kleidungsst\u00fcck wird innerhalb von 2-9 Werktagen (Mo-Fr) nach Bestellung und Zahlungseingang zugeschnitten und gen\u00e4ht (Schnitt und Design sind nat\u00fcrlich von mir).<br \/>\nMade in Germany \/ Brandenburg \/ Elbe-Elster<\/p>\n<p>Dieses Top ist auch einfarbig in unserem Shop erh\u00e4ltlich. <a href=\"https:\/\/vario-shirts.com\/?product=medi-c-top\" target=\"_blank\" rel=\"noopener noreferrer\">Medi-C-Top<\/a><a href=\"https:\/\/vario-shirts.com\/?product=wasserfalltop\" target=\"_blank\" rel=\"noopener noreferrer\">\u00a0<\/a><\/p>\n","protected":false},"excerpt":{"rendered":"<p>Schmal geschnittenes Basic-Top mit sch\u00f6nem Rundhals-Ausschnitt und kontrastfarbenem Halsausschnitt (bitte als Zweitfarbe w\u00e4hlen). Schulterbreite: ca. 5 cm Halsausschnitt: ca. 10 cm tief L\u00e4nge: normal ca. 60 cm, extra lang ca. 70 cm (+ 10,- EUR) bitte bei den Optionen w\u00e4hlen &hellip; <a href=\"https:\/\/vario-shirts.com\/?product=medi-c-top-kontrast\">Weiterlesen <span class=\"meta-nav\">&rarr;<\/span><\/a><\/p>\n","protected":false},"featured_media":4801,"comment_status":"open","ping_status":"closed","template":"","meta":[],"product_cat":[207,314,307],"product_tag":[364,318,199,449,473,471],"_links":{"self":[{"href":"https:\/\/vario-shirts.com\/index.php?rest_route=\/wp\/v2\/product\/4797"}],"collection":[{"href":"https:\/\/vario-shirts.com\/index.php?rest_route=\/wp\/v2\/product"}],"about":[{"href":"https:\/\/vario-shirts.com\/index.php?rest_route=\/wp\/v2\/types\/product"}],"replies":[{"embeddable":true,"href":"https:\/\/vario-shirts.com\/index.php?rest_route=%2Fwp%2Fv2%2Fcomments&post=4797"}],"wp:featuredmedia":[{"embeddable":true,"href":"https:\/\/vario-shirts.com\/index.php?rest_route=\/wp\/v2\/media\/4801"}],"wp:attachment":[{"href":"https:\/\/vario-shirts.com\/index.php?rest_route=%2Fwp%2Fv2%2Fmedia&parent=4797"}],"wp:term":[{"taxonomy":"product_cat","embeddable":true,"href":"https:\/\/vario-shirts.com\/index.php?rest_route=%2Fwp%2Fv2%2Fproduct_cat&post=4797"},{"taxonomy":"product_tag","embeddable":true,"href":"https:\/\/vario-shirts.com\/index.php?rest_route=%2Fwp%2Fv2%2Fproduct_tag&post=4797"}],"curies":[{"name":"wp","href":"https:\/\/api.w.org\/{rel}","templated":true}]}}