{"id":4892,"date":"2021-06-02T12:41:11","date_gmt":"2021-06-02T10:41:11","guid":{"rendered":"https:\/\/vario-shirts.com\/?post_type=product&#038;p=4892"},"modified":"2025-03-12T15:35:10","modified_gmt":"2025-03-12T13:35:10","slug":"fledermaus-shirt-no-4-kurzarm-aus-biobaumwolle","status":"publish","type":"product","link":"https:\/\/vario-shirts.com\/?product=fledermaus-shirt-no-4-kurzarm-aus-biobaumwolle","title":{"rendered":"Fledermaus Shirt No.4 Kurzarm, aus BioBaumwolle"},"content":{"rendered":"<p>Locker geschnittenes Shirt mit kurzem Fledermausarm. Der Ausschnitt ist\u00a0 U-Boot-artig. Das Shirt sitzt locker, ist bequem und trotzdem schick. Es kann in den Hosenbund gesteckt werden oder locker um die H\u00fcften fallend getragen werden.<\/p>\n<p><strong>L\u00e4nge<\/strong>: ca. 60 cm<\/p>\n<p>Auf Wunsch sind auch andere L\u00e4ngen m\u00f6glich (bitte einfach per E-Mail anfragen).<\/p>\n<p><strong>Material:<\/strong><br \/>\nBaumwoll-Jersey, BioBaumwolle, GOTS zertifiziert<br \/>\n95% Baumwolle, 5% Elasthan<\/p>\n<p><strong>Pflege:<\/strong><br \/>\nWaschen: 30\u00b0 C Feinw\u00e4sche<br \/>\nB\u00fcgeln: 1 Punkt<br \/>\nTrockner: nein<\/p>\n<p><strong>Herkunft<\/strong>:<br \/>\nDieses Kleidungsst\u00fcck wird innerhalb von 2-9 Werktagen (Mo-Fr) nach Bestellung und Zahlungseingang zugeschnitten und gen\u00e4ht (Schnitt und Design sind nat\u00fcrlich von mir).<br \/>\nMade in Germany \/ Brandenburg \/ Elbe-Elster<\/p>\n<p>Dieses Shirt kann auch gern aus den anderen Farben (aus der &#8222;\u00dcbersicht der zur Zeit m\u00f6glichen Farben&#8220;) gefertigt werden. Bitte einfach die gew\u00fcnschte Farbe in das Kommentarfeld schreiben oder per E-Mail anfragen.<\/p>\n","protected":false},"excerpt":{"rendered":"<p>Locker geschnittenes Shirt mit kurzem Fledermausarm. Der Ausschnitt ist\u00a0 U-Boot-artig. Das Shirt sitzt locker, ist bequem und trotzdem schick. Es kann in den Hosenbund gesteckt werden oder locker um die H\u00fcften fallend getragen werden. L\u00e4nge: ca. 60 cm Auf Wunsch &hellip; <a href=\"https:\/\/vario-shirts.com\/?product=fledermaus-shirt-no-4-kurzarm-aus-biobaumwolle\">Weiterlesen <span class=\"meta-nav\">&rarr;<\/span><\/a><\/p>\n","protected":false},"featured_media":4895,"comment_status":"open","ping_status":"closed","template":"","meta":[],"product_cat":[189],"product_tag":[384,309,318,449],"_links":{"self":[{"href":"https:\/\/vario-shirts.com\/index.php?rest_route=\/wp\/v2\/product\/4892"}],"collection":[{"href":"https:\/\/vario-shirts.com\/index.php?rest_route=\/wp\/v2\/product"}],"about":[{"href":"https:\/\/vario-shirts.com\/index.php?rest_route=\/wp\/v2\/types\/product"}],"replies":[{"embeddable":true,"href":"https:\/\/vario-shirts.com\/index.php?rest_route=%2Fwp%2Fv2%2Fcomments&post=4892"}],"wp:featuredmedia":[{"embeddable":true,"href":"https:\/\/vario-shirts.com\/index.php?rest_route=\/wp\/v2\/media\/4895"}],"wp:attachment":[{"href":"https:\/\/vario-shirts.com\/index.php?rest_route=%2Fwp%2Fv2%2Fmedia&parent=4892"}],"wp:term":[{"taxonomy":"product_cat","embeddable":true,"href":"https:\/\/vario-shirts.com\/index.php?rest_route=%2Fwp%2Fv2%2Fproduct_cat&post=4892"},{"taxonomy":"product_tag","embeddable":true,"href":"https:\/\/vario-shirts.com\/index.php?rest_route=%2Fwp%2Fv2%2Fproduct_tag&post=4892"}],"curies":[{"name":"wp","href":"https:\/\/api.w.org\/{rel}","templated":true}]}}