{"id":4900,"date":"2021-06-07T17:41:09","date_gmt":"2021-06-07T15:41:09","guid":{"rendered":"https:\/\/vario-shirts.com\/?post_type=product&#038;p=4900"},"modified":"2025-03-24T13:00:40","modified_gmt":"2025-03-24T11:00:40","slug":"6-bahnen-wickelrock-l55","status":"publish","type":"product","link":"https:\/\/vario-shirts.com\/?product=6-bahnen-wickelrock-l55","title":{"rendered":"6-Bahnen Wickelrock, L\u00e4nge 55 cm"},"content":{"rendered":"<p>Dieser Wickelrock passt sich wunderbar der Figur an. Mit Hilfe der langen B\u00e4nder an beiden Seiten wickelst Du ihn einfach so um den K\u00f6rper wie es f\u00fcr Dich am vorteilhaftesten ist. Beim Gehen hat er einen wundervollen Schwung.<\/p>\n<p>Mit passendem Shirt oder Top (von VARIO-SHIRTS) wirkt die Kombination wie ein Kleid.<\/p>\n<p>&nbsp;<\/p>\n<p><strong>L\u00e4nge:<\/strong><br \/>\nca. 55 cm (inkl. Bund)<\/p>\n<p><strong>Gr\u00f6\u00dfe<\/strong>:<br \/>\nEinheitsgr\u00f6\u00dfe &#8211; passt von Gr\u00f6\u00dfe 36-42<\/p>\n<p><strong>Material:<\/strong><br \/>\nViskose-Jersey, 96% Viskose, 4% Elasthan<br \/>\n\u00d6ko-Tex Standard 100 zertifiziert, in Deutschland hergestellt<\/p>\n<p><strong>Pflege:<\/strong><br \/>\nWaschen: 30\u00b0 C Feinw\u00e4sche<br \/>\nB\u00fcgeln: 1 Punkt<br \/>\nTrockner: nein<\/p>\n<p><strong>Herkunft: <\/strong><br \/>\nDieses Kleidungsst\u00fcck wird innerhalb von 2-9 Werktagen (Mo-Fr) nach Bestellung und Zahlungseingang zugeschnitten und gen\u00e4ht (Schnitt und Design sind nat\u00fcrlich von mir).<br \/>\nMade in Germany \/ Brandenburg \/ Elbe-Elster<\/p>\n","protected":false},"excerpt":{"rendered":"<p>Dieser Wickelrock passt sich wunderbar der Figur an. Mit Hilfe der langen B\u00e4nder an beiden Seiten wickelst Du ihn einfach so um den K\u00f6rper wie es f\u00fcr Dich am vorteilhaftesten ist. Beim Gehen hat er einen wundervollen Schwung. Mit passendem &hellip; <a href=\"https:\/\/vario-shirts.com\/?product=6-bahnen-wickelrock-l55\">Weiterlesen <span class=\"meta-nav\">&rarr;<\/span><\/a><\/p>\n","protected":false},"featured_media":4903,"comment_status":"open","ping_status":"closed","template":"","meta":[],"product_cat":[134],"product_tag":[522,351,318,276,275,521],"_links":{"self":[{"href":"https:\/\/vario-shirts.com\/index.php?rest_route=\/wp\/v2\/product\/4900"}],"collection":[{"href":"https:\/\/vario-shirts.com\/index.php?rest_route=\/wp\/v2\/product"}],"about":[{"href":"https:\/\/vario-shirts.com\/index.php?rest_route=\/wp\/v2\/types\/product"}],"replies":[{"embeddable":true,"href":"https:\/\/vario-shirts.com\/index.php?rest_route=%2Fwp%2Fv2%2Fcomments&post=4900"}],"wp:featuredmedia":[{"embeddable":true,"href":"https:\/\/vario-shirts.com\/index.php?rest_route=\/wp\/v2\/media\/4903"}],"wp:attachment":[{"href":"https:\/\/vario-shirts.com\/index.php?rest_route=%2Fwp%2Fv2%2Fmedia&parent=4900"}],"wp:term":[{"taxonomy":"product_cat","embeddable":true,"href":"https:\/\/vario-shirts.com\/index.php?rest_route=%2Fwp%2Fv2%2Fproduct_cat&post=4900"},{"taxonomy":"product_tag","embeddable":true,"href":"https:\/\/vario-shirts.com\/index.php?rest_route=%2Fwp%2Fv2%2Fproduct_tag&post=4900"}],"curies":[{"name":"wp","href":"https:\/\/api.w.org\/{rel}","templated":true}]}}