{"id":5024,"date":"2021-12-04T14:17:39","date_gmt":"2021-12-04T12:17:39","guid":{"rendered":"https:\/\/vario-shirts.com\/?post_type=product&#038;p=5024"},"modified":"2025-03-24T16:58:11","modified_gmt":"2025-03-24T14:58:11","slug":"basic-bauchband-gerade-aus-biobaumwolle","status":"publish","type":"product","link":"https:\/\/vario-shirts.com\/?product=basic-bauchband-gerade-aus-biobaumwolle","title":{"rendered":"Basic Bauchband, gerade, aus BioBaumwolle"},"content":{"rendered":"<p>Dieses wunderbar anschmiegsame Bauchband kann auf viele Arten zum Einsatz kommen.<br \/>\nEs schlie\u00dft die L\u00fccke zwischen Shirt und Hose beim B\u00fccken oder Radfahren, sch\u00fctzt ein wenig die Nieren, versteckt einen offenen Hosenbund oder kann als Minir\u00f6ckchen oder Shirt-Verl\u00e4ngerung \u00fcber der Hose getragen werden.<\/p>\n<p><strong>ACHTUNG!<\/strong><br \/>\nNach der Konstruktion sitzt das Bauchband zwischen Taille und H\u00fcfte.\u00a0 Die Gr\u00f6\u00dfen fallen vergleichsweise klein aus,\u00a0 <strong>ausschlaggebend f\u00fcr die richtige Gr\u00f6\u00dfe ist der Taillenumfang. <\/strong>Bitte die Ma\u00dftabelle beachten.<\/p>\n<p><strong>Gr\u00f6\u00dfe:<\/strong><br \/>\nKann in Gr\u00f6\u00dfe 32, 34, 36, 38, 40, 42, 44 oder 46 gefertigt werden.<\/p>\n<p><strong>H\u00f6he:<\/strong> ca. 32 cm<\/p>\n<p><strong>Material:<\/strong><br \/>\nBio-Baumwolle, 95% Baumwolle 5% Elasthan<br \/>\nGOTS zertifiziert<\/p>\n<p><strong>Pflege:<\/strong><br \/>\nWaschen: 30\u00b0 C Feinw\u00e4sche<br \/>\nB\u00fcgeln: 1 Punkt<br \/>\nTrockner: nein<\/p>\n<p><strong>Herkunft<\/strong>:<br \/>\nDieses Kleidungsst\u00fcck wird innerhalb von 2-9 Werktagen (Mo-Fr) nach Bestellung und Zahlungseingang zugeschnitten und gen\u00e4ht (Schnitt und Design sind nat\u00fcrlich von mir).<br \/>\nMade in Germany \/ Brandenburg \/ Elbe-Elster<\/p>\n","protected":false},"excerpt":{"rendered":"<p>Dieses wunderbar anschmiegsame Bauchband kann auf viele Arten zum Einsatz kommen. Es schlie\u00dft die L\u00fccke zwischen Shirt und Hose beim B\u00fccken oder Radfahren, sch\u00fctzt ein wenig die Nieren, versteckt einen offenen Hosenbund oder kann als Minir\u00f6ckchen oder Shirt-Verl\u00e4ngerung \u00fcber der &hellip; <a href=\"https:\/\/vario-shirts.com\/?product=basic-bauchband-gerade-aus-biobaumwolle\">Weiterlesen <span class=\"meta-nav\">&rarr;<\/span><\/a><\/p>\n","protected":false},"featured_media":5314,"comment_status":"open","ping_status":"closed","template":"","meta":[],"product_cat":[187,125,359,324],"product_tag":[37,38,361,309,318,39],"_links":{"self":[{"href":"https:\/\/vario-shirts.com\/index.php?rest_route=\/wp\/v2\/product\/5024"}],"collection":[{"href":"https:\/\/vario-shirts.com\/index.php?rest_route=\/wp\/v2\/product"}],"about":[{"href":"https:\/\/vario-shirts.com\/index.php?rest_route=\/wp\/v2\/types\/product"}],"replies":[{"embeddable":true,"href":"https:\/\/vario-shirts.com\/index.php?rest_route=%2Fwp%2Fv2%2Fcomments&post=5024"}],"wp:featuredmedia":[{"embeddable":true,"href":"https:\/\/vario-shirts.com\/index.php?rest_route=\/wp\/v2\/media\/5314"}],"wp:attachment":[{"href":"https:\/\/vario-shirts.com\/index.php?rest_route=%2Fwp%2Fv2%2Fmedia&parent=5024"}],"wp:term":[{"taxonomy":"product_cat","embeddable":true,"href":"https:\/\/vario-shirts.com\/index.php?rest_route=%2Fwp%2Fv2%2Fproduct_cat&post=5024"},{"taxonomy":"product_tag","embeddable":true,"href":"https:\/\/vario-shirts.com\/index.php?rest_route=%2Fwp%2Fv2%2Fproduct_tag&post=5024"}],"curies":[{"name":"wp","href":"https:\/\/api.w.org\/{rel}","templated":true}]}}