{"id":5078,"date":"2022-03-01T10:16:07","date_gmt":"2022-03-01T08:16:07","guid":{"rendered":"https:\/\/vario-shirts.com\/?post_type=product&#038;p=5078"},"modified":"2025-03-24T13:06:06","modified_gmt":"2025-03-24T11:06:06","slug":"5-bahnen-wickelrock-laenge-33-cm","status":"publish","type":"product","link":"https:\/\/vario-shirts.com\/?product=5-bahnen-wickelrock-laenge-33-cm","title":{"rendered":"5-Bahnen Wickelrock, L\u00e4nge 33 cm, Gr\u00f6\u00dfe 32-36"},"content":{"rendered":"<p>Dieser Wickelrock passt sich wunderbar der Figur an. Mit Hilfe der langen B\u00e4nder an beiden Seiten wickelst Du ihn einfach so um den K\u00f6rper wie es f\u00fcr Dich am vorteilhaftesten ist. Beim Gehen hat er einen wundervollen Schwung.<\/p>\n<p>Mit passendem Shirt oder Top (von VARIO-SHIRTS) wirkt die Kombination wie ein Kleid.<\/p>\n<p>&nbsp;<\/p>\n<p><strong>L\u00e4nge:<\/strong><br \/>\nca. 33 cm (inkl. Bund)<\/p>\n<p><strong>Gr\u00f6\u00dfe<\/strong>:<br \/>\nEinheitsgr\u00f6\u00dfe &#8211; passt von Gr\u00f6\u00dfe 32-36 (ist dann &#8222;sicher&#8220; gerschlossen) Bei gr\u00f6\u00dferen Gr\u00f6\u00dfen ist er nicht mehr &#8222;Blicksicher&#8220;, mit entsprechender Unterbekleidung ist er aber auch noch super tragbar.<\/p>\n<p><strong>Material:<\/strong><br \/>\nViskose-Jersey, 96% Viskose, 4% Elasthan<br \/>\n\u00d6ko-Tex Standard 100 zertifiziert, in Deutschland hergestellt<\/p>\n<p><strong>Pflege:<\/strong><br \/>\nWaschen: 30\u00b0 C Feinw\u00e4sche<br \/>\nB\u00fcgeln: 1 Punkt<br \/>\nTrockner: nein<\/p>\n<p><strong>Herkunft: <\/strong><br \/>\nDieses Kleidungsst\u00fcck wird innerhalb von 2-9 Werktagen (Mo-Fr) nach Bestellung und Zahlungseingang zugeschnitten und gen\u00e4ht (Schnitt und Design sind nat\u00fcrlich von mir).<br \/>\nMade in Germany \/ Brandenburg \/ Elbe-Elster<\/p>\n","protected":false},"excerpt":{"rendered":"<p>Dieser Wickelrock passt sich wunderbar der Figur an. Mit Hilfe der langen B\u00e4nder an beiden Seiten wickelst Du ihn einfach so um den K\u00f6rper wie es f\u00fcr Dich am vorteilhaftesten ist. Beim Gehen hat er einen wundervollen Schwung. Mit passendem &hellip; <a href=\"https:\/\/vario-shirts.com\/?product=5-bahnen-wickelrock-laenge-33-cm\">Weiterlesen <span class=\"meta-nav\">&rarr;<\/span><\/a><\/p>\n","protected":false},"featured_media":5080,"comment_status":"open","ping_status":"closed","template":"","meta":[],"product_cat":[134],"product_tag":[522,351,318,526,276,275,527,537,521],"_links":{"self":[{"href":"https:\/\/vario-shirts.com\/index.php?rest_route=\/wp\/v2\/product\/5078"}],"collection":[{"href":"https:\/\/vario-shirts.com\/index.php?rest_route=\/wp\/v2\/product"}],"about":[{"href":"https:\/\/vario-shirts.com\/index.php?rest_route=\/wp\/v2\/types\/product"}],"replies":[{"embeddable":true,"href":"https:\/\/vario-shirts.com\/index.php?rest_route=%2Fwp%2Fv2%2Fcomments&post=5078"}],"wp:featuredmedia":[{"embeddable":true,"href":"https:\/\/vario-shirts.com\/index.php?rest_route=\/wp\/v2\/media\/5080"}],"wp:attachment":[{"href":"https:\/\/vario-shirts.com\/index.php?rest_route=%2Fwp%2Fv2%2Fmedia&parent=5078"}],"wp:term":[{"taxonomy":"product_cat","embeddable":true,"href":"https:\/\/vario-shirts.com\/index.php?rest_route=%2Fwp%2Fv2%2Fproduct_cat&post=5078"},{"taxonomy":"product_tag","embeddable":true,"href":"https:\/\/vario-shirts.com\/index.php?rest_route=%2Fwp%2Fv2%2Fproduct_tag&post=5078"}],"curies":[{"name":"wp","href":"https:\/\/api.w.org\/{rel}","templated":true}]}}