{"id":509,"date":"2013-02-19T14:46:36","date_gmt":"2013-02-19T12:46:36","guid":{"rendered":"http:\/\/vario-shirts.com\/?post_type=product&#038;p=509"},"modified":"2025-03-12T15:05:22","modified_gmt":"2025-03-12T13:05:22","slug":"schlitz-shirt-mit-kleinen-armelchen","status":"publish","type":"product","link":"https:\/\/vario-shirts.com\/?product=schlitz-shirt-mit-kleinen-armelchen","title":{"rendered":"Schlitz Shirt mit kleinen \u00c4rmelchen"},"content":{"rendered":"<p>Schlicht, elegant und doch etwas Besonderes.<br \/>\nDieses Shirt mit sch\u00f6nem Rundhalsausschnitt und kleinen \u00c4rmelchen zaubert durch den abgesteppten Schlitz \u00fcber der Brust ein interessantes Dekollet\u00e9 ohne zu viel zu zeigen.<\/p>\n<p><strong>Halsausschnitt:<\/strong> U-Boot-\u00e4hnlich<br \/>\n<strong>Schulterbreite<\/strong>: ca. 7 cm<br \/>\n<strong>\u00c4rmell\u00e4nge<\/strong>: ca. 8 cm<\/p>\n<p><strong>L\u00e4nge:<\/strong><br \/>\nnormal ca. 60 cm,<br \/>\nextra lang ca. 70 cm (+ 10,- EUR)<br \/>\nbitte bei den Optionen w\u00e4hlen<\/p>\n<p><strong>Gr\u00f6\u00dfe<\/strong>:<br \/>\nKann in Gr\u00f6\u00dfe 32, 34, 36, 38, 40, 42, 44 oder 46 gefertigt werden.<br \/>\nBitte die Ma\u00dftabelle bei den Bildern beachten, die Gr\u00f6\u00dfen fallen vergleichsweise klein aus!<\/p>\n<p><img decoding=\"async\" loading=\"lazy\" class=\"alignright size-full wp-image-3631\" src=\"https:\/\/vario-shirts.com\/wp-content\/uploads\/2020\/03\/SchnittformVS.jpg\" alt=\"\" width=\"301\" height=\"374\" \/><\/p>\n<p><strong>Schnittform:<\/strong><br \/>\nenganliegend<br \/>\nleicht tailliert oder<br \/>\ngerade geschnitten<br \/>\nbitte bei den Optionen w\u00e4hlen<\/p>\n<p>\u201eEnganliegend\u201c bedeutet, da wo die K\u00f6rperma\u00dfe mit der Ma\u00dftabelle \u00fcbereinstimmen, liegt das Shirt durchgehend am K\u00f6rper an.<br \/>\nDie Schnittform \u201cleicht tailliert\u201d ist im Taillenbereich ca. 5 cm weiter.<br \/>\nDie \u201egerade geschnittenen\u201c Shirts sitzen im Bauchbereich entsprechend lockerer.<\/p>\n<p><strong>Material:<\/strong><br \/>\nViskose-Jersey, 96% Viskose, 4% Elasthan<br \/>\n\u00d6ko-Tex Standard 100 zertifiziert, in Deutschland hergestellt<\/p>\n<p><strong>Pflege:<\/strong><br \/>\nWaschen: 30\u00b0 C Feinw\u00e4sche<br \/>\nB\u00fcgeln: 1 Punkt<br \/>\nTrockner: nein<\/p>\n<p><strong>Herkunft: <\/strong><br \/>\nDieses Kleidungsst\u00fcck wird innerhalb von 2-9 Werktagen (Mo-Fr) nach Bestellung und Zahlungseingang zugeschnitten und gen\u00e4ht (Schnitt und Design sind nat\u00fcrlich von mir).<br \/>\nMade in Germany \/ Brandenburg \/ Elbe-Elster<\/p>\n","protected":false},"excerpt":{"rendered":"<p>Schlicht, elegant und doch etwas Besonderes. Dieses Shirt mit sch\u00f6nem Rundhalsausschnitt und kleinen \u00c4rmelchen zaubert durch den abgesteppten Schlitz \u00fcber der Brust ein interessantes Dekollet\u00e9 ohne zu viel zu zeigen. Halsausschnitt: U-Boot-\u00e4hnlich Schulterbreite: ca. 7 cm \u00c4rmell\u00e4nge: ca. 8 cm &hellip; <a href=\"https:\/\/vario-shirts.com\/?product=schlitz-shirt-mit-kleinen-armelchen\">Weiterlesen <span class=\"meta-nav\">&rarr;<\/span><\/a><\/p>\n","protected":false},"featured_media":510,"comment_status":"open","ping_status":"closed","template":"","meta":[],"product_cat":[206,198,110,408],"product_tag":[88,318,343],"_links":{"self":[{"href":"https:\/\/vario-shirts.com\/index.php?rest_route=\/wp\/v2\/product\/509"}],"collection":[{"href":"https:\/\/vario-shirts.com\/index.php?rest_route=\/wp\/v2\/product"}],"about":[{"href":"https:\/\/vario-shirts.com\/index.php?rest_route=\/wp\/v2\/types\/product"}],"replies":[{"embeddable":true,"href":"https:\/\/vario-shirts.com\/index.php?rest_route=%2Fwp%2Fv2%2Fcomments&post=509"}],"wp:featuredmedia":[{"embeddable":true,"href":"https:\/\/vario-shirts.com\/index.php?rest_route=\/wp\/v2\/media\/510"}],"wp:attachment":[{"href":"https:\/\/vario-shirts.com\/index.php?rest_route=%2Fwp%2Fv2%2Fmedia&parent=509"}],"wp:term":[{"taxonomy":"product_cat","embeddable":true,"href":"https:\/\/vario-shirts.com\/index.php?rest_route=%2Fwp%2Fv2%2Fproduct_cat&post=509"},{"taxonomy":"product_tag","embeddable":true,"href":"https:\/\/vario-shirts.com\/index.php?rest_route=%2Fwp%2Fv2%2Fproduct_tag&post=509"}],"curies":[{"name":"wp","href":"https:\/\/api.w.org\/{rel}","templated":true}]}}