{"id":5591,"date":"2024-07-04T12:16:53","date_gmt":"2024-07-04T10:16:53","guid":{"rendered":"https:\/\/vario-shirts.com\/?post_type=product&#038;p=5591"},"modified":"2025-03-12T17:52:31","modified_gmt":"2025-03-12T15:52:31","slug":"jerseyjacke-zum-knoten-langarm-schmal-geschnitten","status":"publish","type":"product","link":"https:\/\/vario-shirts.com\/?product=jerseyjacke-zum-knoten-langarm-schmal-geschnitten","title":{"rendered":"Jerseyjacke zum Knoten, Langarm, schmal geschnitten"},"content":{"rendered":"<p>Super s\u00fc\u00dfe, kleine Jacke zum Knoten mit langen \u00c4rmeln<br \/>\nDie Jacke ist ideal, wenn Frau etwas Kleines zum \u00dcberziehen braucht und auch super zum Tanzen oder Yoga geeignet. Sie ist eng\/schmal geschnitten, liegt also eher am K\u00f6rper an (die Bilder mit dem cremfarbenen Bolero zeigen die Passform, nur das diese Jacke etwas l\u00e4nger ist.)<\/p>\n<p>Sie kann offen getragen, aber auch in der Taille oder um die H\u00fcftknochen geknotet getragen werden.<\/p>\n<p><strong>L\u00e4nge:<\/strong> ca. 58 cm, <strong>\u00c4rmell\u00e4nge<\/strong> ca. 60 cm<\/p>\n<p><strong>Gr\u00f6\u00dfe:<\/strong><br \/>\nKann in Gr\u00f6\u00dfe 32, 34, 36, 38, 40, 42, 44 oder 46 gefertigt werden.<br \/>\nBitte die Ma\u00dftabelle bei den Bildern beachten, die Gr\u00f6\u00dfen fallen vergleichsweise klein aus!<\/p>\n<p><strong>Material:<\/strong><br \/>\nViskose-Jersey, 96% Viskose, 4% Elasthan<br \/>\n\u00d6ko-Tex Standard 100 zertifiziert, in Deutschland hergestellt<\/p>\n<p><strong>Pflege<\/strong>:<br \/>\nWaschen: 30\u00b0 C Feinw\u00e4sche<br \/>\nB\u00fcgeln: 1 Punkt<br \/>\nTrockner: nein<\/p>\n<p><strong>Herkunft: <\/strong><br \/>\nDieses Kleidungsst\u00fcck wird innerhalb von 2-9 Werktagen (Mo-Fr) nach Bestellung und Zahlungseingang zugeschnitten und gen\u00e4ht (Schnitt und Design sind nat\u00fcrlich von mir).<br \/>\nMade in Germany \/ Brandenburg \/ Elbe-Elster<\/p>\n","protected":false},"excerpt":{"rendered":"<p>Super s\u00fc\u00dfe, kleine Jacke zum Knoten mit langen \u00c4rmeln Die Jacke ist ideal, wenn Frau etwas Kleines zum \u00dcberziehen braucht und auch super zum Tanzen oder Yoga geeignet. Sie ist eng\/schmal geschnitten, liegt also eher am K\u00f6rper an (die Bilder &hellip; <a href=\"https:\/\/vario-shirts.com\/?product=jerseyjacke-zum-knoten-langarm-schmal-geschnitten\">Weiterlesen <span class=\"meta-nav\">&rarr;<\/span><\/a><\/p>\n","protected":false},"featured_media":5593,"comment_status":"open","ping_status":"closed","template":"","meta":[],"product_cat":[176,446],"product_tag":[349,347,348,318],"_links":{"self":[{"href":"https:\/\/vario-shirts.com\/index.php?rest_route=\/wp\/v2\/product\/5591"}],"collection":[{"href":"https:\/\/vario-shirts.com\/index.php?rest_route=\/wp\/v2\/product"}],"about":[{"href":"https:\/\/vario-shirts.com\/index.php?rest_route=\/wp\/v2\/types\/product"}],"replies":[{"embeddable":true,"href":"https:\/\/vario-shirts.com\/index.php?rest_route=%2Fwp%2Fv2%2Fcomments&post=5591"}],"wp:featuredmedia":[{"embeddable":true,"href":"https:\/\/vario-shirts.com\/index.php?rest_route=\/wp\/v2\/media\/5593"}],"wp:attachment":[{"href":"https:\/\/vario-shirts.com\/index.php?rest_route=%2Fwp%2Fv2%2Fmedia&parent=5591"}],"wp:term":[{"taxonomy":"product_cat","embeddable":true,"href":"https:\/\/vario-shirts.com\/index.php?rest_route=%2Fwp%2Fv2%2Fproduct_cat&post=5591"},{"taxonomy":"product_tag","embeddable":true,"href":"https:\/\/vario-shirts.com\/index.php?rest_route=%2Fwp%2Fv2%2Fproduct_tag&post=5591"}],"curies":[{"name":"wp","href":"https:\/\/api.w.org\/{rel}","templated":true}]}}