{"id":5709,"date":"2025-01-29T15:29:36","date_gmt":"2025-01-29T13:29:36","guid":{"rendered":"https:\/\/vario-shirts.com\/?post_type=product&#038;p=5709"},"modified":"2025-09-30T12:51:55","modified_gmt":"2025-09-30T10:51:55","slug":"wasserfall-shirt-no-2-kurzarm-aus-biobaumwolljersey","status":"publish","type":"product","link":"https:\/\/vario-shirts.com\/?product=wasserfall-shirt-no-2-kurzarm-aus-biobaumwolljersey","title":{"rendered":"Wasserfall Shirt No.2 Kurzarm, aus BioBaumwolljersey"},"content":{"rendered":"<p>Schmal geschnittenes Basic-Shirt mit sch\u00f6nem Wasserfall-Ausschnitt und kurzen \u00c4rmeln<\/p>\n<p><strong>Halsausschnitt: <\/strong>\u00a0Wasserfallausschnitt zum nach innen legen<br \/>\n<strong>Schulterbreite: <\/strong>ca. 9 cm<br \/>\n<strong>\u00c4rmell\u00e4nge: <\/strong> ca. 18 cm<\/p>\n<p><strong>L\u00e4nge:<\/strong><br \/>\nnormal ca. 60 cm,<br \/>\nextra lang ca. 70 cm (+ 10,- EUR)<\/p>\n<p>bitte bei den Optionen w\u00e4hlen<\/p>\n<p><strong>Gr\u00f6\u00dfe<\/strong>:<br \/>\nKann in Gr\u00f6\u00dfe 32, 34, 36, 38, 40, 42, 44 oder 46 gefertigt werden.<br \/>\nBitte die Ma\u00dftabelle bei den Bildern beachten, die Gr\u00f6\u00dfen fallen vergleichsweise klein aus!<\/p>\n<p><img decoding=\"async\" loading=\"lazy\" class=\"alignright size-full wp-image-3631\" src=\"https:\/\/vario-shirts.com\/wp-content\/uploads\/2020\/03\/SchnittformVS.jpg\" alt=\"\" width=\"301\" height=\"374\" \/><\/p>\n<p><strong>Schnittform:<\/strong><br \/>\nleicht tailliert oder<br \/>\ngerade geschnitten<br \/>\nbitte bei den Optionen w\u00e4hlen<\/p>\n<p>\u201eEnganliegend\u201c bedeutet, da wo die K\u00f6rperma\u00dfe mit der Ma\u00dftabelle \u00fcbereinstimmen, liegt das Shirt durchgehend am K\u00f6rper an.<br \/>\nDie Schnittform \u201cleicht tailliert\u201d ist im Taillenbereich ca. 5 cm weiter.<br \/>\nDie \u201egerade geschnittenen\u201c Shirts sitzen im Bauchbereich entsprechend lockerer.<\/p>\n<p>Durch den Wasserfall-Ausschnitt sitzt das Shirt im oberen Bereich etwas lockerer als die anderen\u00a0 Basic-Shirts.<\/p>\n<p>Unser Wasserfallshirt No.2 unterscheidet sich vom Wasserfallshirt dadurch, dass die Schultern\u00e4hte breiter sind und der Ausschnitt nicht komplett eingefasst ist, sondern etwas mehr Stoff hat, der nach innen gelegt wird. Somit ist der Schnitt auch f\u00fcr unsere BioBaumwolle geeignet.<\/p>\n<p><strong>Material:<\/strong><\/p>\n<p>Baumwoll-Jersey,<br \/>\n95% Baumwolle, 5% Elasthan<\/p>\n<p>BioBaumwolle, GOTS zertifiziert<\/p>\n<p><strong>Pflege:<\/strong><br \/>\nWaschen: 30\u00b0 C Feinw\u00e4sche<br \/>\nB\u00fcgeln: 1 Punkt<br \/>\nTrockner: nein<\/p>\n<p><strong>Herkunft: <\/strong><br \/>\nDieses Kleidungsst\u00fcck wird innerhalb von 2-9 Werktagen (Mo-Fr) nach Bestellung und Zahlungseingang zugeschnitten und gen\u00e4ht (Schnitt und Design sind nat\u00fcrlich von mir).<br \/>\nMade in Germany \/ Brandenburg \/ Elbe-Elster<\/p>\n<p>&nbsp;<\/p>\n","protected":false},"excerpt":{"rendered":"<h3 class=\"widget-title\" style=\"text-align: center;\"><\/h3>\n<p> <a href=\"https:\/\/vario-shirts.com\/?product=wasserfall-shirt-no-2-kurzarm-aus-biobaumwolljersey\">Weiterlesen <span class=\"meta-nav\">&rarr;<\/span><\/a><\/p>\n","protected":false},"featured_media":5712,"comment_status":"open","ping_status":"closed","template":"","meta":[],"product_cat":[206,113,446,108,408],"product_tag":[541,497,439,447,309,319,61,215,69],"_links":{"self":[{"href":"https:\/\/vario-shirts.com\/index.php?rest_route=\/wp\/v2\/product\/5709"}],"collection":[{"href":"https:\/\/vario-shirts.com\/index.php?rest_route=\/wp\/v2\/product"}],"about":[{"href":"https:\/\/vario-shirts.com\/index.php?rest_route=\/wp\/v2\/types\/product"}],"replies":[{"embeddable":true,"href":"https:\/\/vario-shirts.com\/index.php?rest_route=%2Fwp%2Fv2%2Fcomments&post=5709"}],"wp:featuredmedia":[{"embeddable":true,"href":"https:\/\/vario-shirts.com\/index.php?rest_route=\/wp\/v2\/media\/5712"}],"wp:attachment":[{"href":"https:\/\/vario-shirts.com\/index.php?rest_route=%2Fwp%2Fv2%2Fmedia&parent=5709"}],"wp:term":[{"taxonomy":"product_cat","embeddable":true,"href":"https:\/\/vario-shirts.com\/index.php?rest_route=%2Fwp%2Fv2%2Fproduct_cat&post=5709"},{"taxonomy":"product_tag","embeddable":true,"href":"https:\/\/vario-shirts.com\/index.php?rest_route=%2Fwp%2Fv2%2Fproduct_tag&post=5709"}],"curies":[{"name":"wp","href":"https:\/\/api.w.org\/{rel}","templated":true}]}}