{"id":582,"date":"2013-02-21T14:40:56","date_gmt":"2013-02-21T12:40:56","guid":{"rendered":"http:\/\/vario-shirts.com\/?post_type=product&#038;p=582"},"modified":"2025-03-24T13:09:46","modified_gmt":"2025-03-24T11:09:46","slug":"rock-swing-lg50","status":"publish","type":"product","link":"https:\/\/vario-shirts.com\/?product=rock-swing-lg50","title":{"rendered":"Rock Swing, L\u00e4nge ca. 50 cm"},"content":{"rendered":"<p>Supers\u00fc\u00dfer, schwingender, ca. knielanger Rock mit B\u00fcndchen.<\/p>\n<p>Mit passendem Shirt oder Top (von VARIO-SHIRTS) wirkt die Kombination wie ein Kleid.<\/p>\n<p>Der Rock kann einfarbig oder Rockteil und B\u00fcndchen k\u00f6nnen in verschiedenen Farben gefertigt werden, die \u201eZweitfarbe\u201c in den Optionen ist f\u00fcr das B\u00fcndchen.<\/p>\n<p>Der Rock sitzt h\u00fcftig, also ein St\u00fcck unterhalb des Bauchnabels. Wenn er h\u00f6her getragen werden soll, bitte einfach etwas kleiner bestellen.<\/p>\n<p>reinschl\u00fcpfen-wohlf\u00fchlen-gut aussehen<\/p>\n<p><strong>L\u00e4nge:<\/strong> ca. 50 cm (unterhalb des B\u00fcndchens gemessen)<\/p>\n<p><strong>Gr\u00f6\u00dfe:<\/strong><br \/>\nKann in Gr\u00f6\u00dfe 32, 34, 36, 38, 40, 42, 44 oder 46 gefertigt werden.<br \/>\nBitte die Ma\u00dftabelle bei den Bildern beachten, entscheidend ist das Ma\u00df \u201e8 cm unterhalb der Taille\u201c.<\/p>\n<p><strong>Material:<\/strong><br \/>\nViskose-Jersey, 96% Viskose, 4% Elasthan<br \/>\n\u00d6ko-Tex Standard 100 zertifiziert, in Deutschland hergestellt<\/p>\n<p><strong>Pflege:<\/strong><br \/>\nWaschen: 30\u00b0 C Feinw\u00e4sche<br \/>\nB\u00fcgeln: 1 Punkt<br \/>\nTrockner: nein<\/p>\n<p><strong>Herkunft: <\/strong><br \/>\nDieses Kleidungsst\u00fcck wird innerhalb von 2-9 Werktagen (Mo-Fr) nach Bestellung und Zahlungseingang zugeschnitten und gen\u00e4ht (Schnitt und Design sind nat\u00fcrlich von mir).<br \/>\nMade in Germany \/ Brandenburg \/ Elbe-Elster<\/p>\n<p>Das Model ist 1,72 gro\u00df und tr\u00e4gt hier <a title=\"corsagentop-no1-mit-schleife\" href=\"http:\/\/vario-shirts.com\/?product=corsagentop-no1-mit-schleife\">Corsagentop No1 mit Schleife<\/a> und das <a title=\"neckholdertop-no-1-mit-schleife\" href=\"http:\/\/vario-shirts.com\/?product=neckholdertop-no-1-mit-schleife\">Neckholdertop No.1 mit Schleife<\/a> dazu.<\/p>\n","protected":false},"excerpt":{"rendered":"<p>Supers\u00fc\u00dfer, schwingender, ca. knielanger Rock mit B\u00fcndchen. Mit passendem Shirt oder Top (von VARIO-SHIRTS) wirkt die Kombination wie ein Kleid. Der Rock kann einfarbig oder Rockteil und B\u00fcndchen k\u00f6nnen in verschiedenen Farben gefertigt werden, die \u201eZweitfarbe\u201c in den Optionen ist &hellip; <a href=\"https:\/\/vario-shirts.com\/?product=rock-swing-lg50\">Weiterlesen <span class=\"meta-nav\">&rarr;<\/span><\/a><\/p>\n","protected":false},"featured_media":584,"comment_status":"open","ping_status":"closed","template":"","meta":[],"product_cat":[134],"product_tag":[351,318,275],"_links":{"self":[{"href":"https:\/\/vario-shirts.com\/index.php?rest_route=\/wp\/v2\/product\/582"}],"collection":[{"href":"https:\/\/vario-shirts.com\/index.php?rest_route=\/wp\/v2\/product"}],"about":[{"href":"https:\/\/vario-shirts.com\/index.php?rest_route=\/wp\/v2\/types\/product"}],"replies":[{"embeddable":true,"href":"https:\/\/vario-shirts.com\/index.php?rest_route=%2Fwp%2Fv2%2Fcomments&post=582"}],"wp:featuredmedia":[{"embeddable":true,"href":"https:\/\/vario-shirts.com\/index.php?rest_route=\/wp\/v2\/media\/584"}],"wp:attachment":[{"href":"https:\/\/vario-shirts.com\/index.php?rest_route=%2Fwp%2Fv2%2Fmedia&parent=582"}],"wp:term":[{"taxonomy":"product_cat","embeddable":true,"href":"https:\/\/vario-shirts.com\/index.php?rest_route=%2Fwp%2Fv2%2Fproduct_cat&post=582"},{"taxonomy":"product_tag","embeddable":true,"href":"https:\/\/vario-shirts.com\/index.php?rest_route=%2Fwp%2Fv2%2Fproduct_tag&post=582"}],"curies":[{"name":"wp","href":"https:\/\/api.w.org\/{rel}","templated":true}]}}