{"id":624,"date":"2013-03-02T20:34:06","date_gmt":"2013-03-02T18:34:06","guid":{"rendered":"http:\/\/vario-shirts.com\/?post_type=product&#038;p=624"},"modified":"2025-03-24T12:48:48","modified_gmt":"2025-03-24T10:48:48","slug":"stilleinsatz","status":"publish","type":"product","link":"https:\/\/vario-shirts.com\/?product=stilleinsatz","title":{"rendered":"Stilleinsatz"},"content":{"rendered":"<p>Viele der Shirts, Tops und Tuniken von VARIO-SHIRTS k\u00f6nnen mit einem Stilleinsatz gefertigt werden.<\/p>\n<p>Da Aufwand und Stoffverbrauch nat\u00fcrlich h\u00f6her sind, kommt ein Aufpreis von 30,- \u20ac hinzu, der hier einfach zusammen mit dem gew\u00fcnschten Kleidungsst\u00fcck bestellt werden kann.<\/p>\n<p>Das Still-Prinzip ist ganz einfach:<\/p>\n<p>Ober- und Unterteil \u00fcberlappen im Brustbereich und k\u00f6nnen mit einer Hand auseinandergeschoben werden. Es wird nur der Teil der Brust freigegeben, der zum Stillen ben\u00f6tigt wird. Somit ist das Stillen unkompliziert und diskret m\u00f6glich.<\/p>\n<p><strong>Bitte nur in Kombination mit einem Kleidungsst\u00fcck bestellen, welches den Hinweis in der Produktbeschreibung hat, dass es mit Stilleinsatz hergestellt werden kann.<\/strong><\/p>\n<p>Farbe, Gr\u00f6\u00dfe und Material richten sich nat\u00fcrlich nach dem Kleidungsst\u00fcck.<\/p>\n","protected":false},"excerpt":{"rendered":"<p><strong>Bitte nur in Kombination mit einem Kleidungsst\u00fcck bestellen, welches den Hinweis in der Produktbeschreibung hat, dass es mit Stilleinsatz hergestellt werden kann.<\/strong> <a href=\"https:\/\/vario-shirts.com\/?product=stilleinsatz\">Weiterlesen <span class=\"meta-nav\">&rarr;<\/span><\/a><\/p>\n","protected":false},"featured_media":626,"comment_status":"open","ping_status":"closed","template":"","meta":[],"product_cat":[375],"product_tag":[309,318,139,140,137,138],"_links":{"self":[{"href":"https:\/\/vario-shirts.com\/index.php?rest_route=\/wp\/v2\/product\/624"}],"collection":[{"href":"https:\/\/vario-shirts.com\/index.php?rest_route=\/wp\/v2\/product"}],"about":[{"href":"https:\/\/vario-shirts.com\/index.php?rest_route=\/wp\/v2\/types\/product"}],"replies":[{"embeddable":true,"href":"https:\/\/vario-shirts.com\/index.php?rest_route=%2Fwp%2Fv2%2Fcomments&post=624"}],"wp:featuredmedia":[{"embeddable":true,"href":"https:\/\/vario-shirts.com\/index.php?rest_route=\/wp\/v2\/media\/626"}],"wp:attachment":[{"href":"https:\/\/vario-shirts.com\/index.php?rest_route=%2Fwp%2Fv2%2Fmedia&parent=624"}],"wp:term":[{"taxonomy":"product_cat","embeddable":true,"href":"https:\/\/vario-shirts.com\/index.php?rest_route=%2Fwp%2Fv2%2Fproduct_cat&post=624"},{"taxonomy":"product_tag","embeddable":true,"href":"https:\/\/vario-shirts.com\/index.php?rest_route=%2Fwp%2Fv2%2Fproduct_tag&post=624"}],"curies":[{"name":"wp","href":"https:\/\/api.w.org\/{rel}","templated":true}]}}