{"id":627,"date":"2013-03-02T21:20:26","date_gmt":"2013-03-02T19:20:26","guid":{"rendered":"http:\/\/vario-shirts.com\/?post_type=product&#038;p=627"},"modified":"2025-03-24T12:48:01","modified_gmt":"2025-03-24T10:48:01","slug":"raffung","status":"publish","type":"product","link":"https:\/\/vario-shirts.com\/?product=raffung","title":{"rendered":"Raffung f\u00fcr die Seitenn\u00e4hte"},"content":{"rendered":"<p>Viele der Shirts und Tops von VARIO-SHIRTS k\u00f6nnen so gefertigt werden, dass sie an den Seiten raffbar sind.<br \/>\nDa Aufwand und Stoffverbrauch nat\u00fcrlich h\u00f6her sind, kommt ein Aufpreis von 44,- \u20ac f\u00fcr die Raffung hinzu, die hier einfach zusammen mit dem gew\u00fcnschten Kleidungsst\u00fcck bestellt werden kann.<\/p>\n<p>Das Prinzip ist ganz einfach:<br \/>\nAn den B\u00e4ndern in den Seitenn\u00e4hten kann man den Stoff so weit wie gew\u00fcnscht zusammenziehen (raffen). Die Enden werden dann einfach geknotet oder zur Schleife gebunden. Verzichtet man auf das Zusammenziehen oder entfernt die B\u00e4nder hat man ein einfaches Shirt\/Top.<br \/>\nBitte nur in Kombination mit einem Kleidungsst\u00fcck bestellen, welches den Hinweis in der Produktbeschreibung hat, dass es mit Raffung hergestellt werden kann.<br \/>\nFarbe, Gr\u00f6\u00dfe und Material richten sich nat\u00fcrlich nach dem Kleidungsst\u00fcck.<\/p>\n<p>Gib einfach \u201eRaffung\u201c rechts in das Feld \u201eSuche\u201c ein, und Du erh\u00e4ltst eine \u00dcbersicht welche Shirts und Tops mit Raffung gefertigt werden k\u00f6nnen.<\/p>\n","protected":false},"excerpt":{"rendered":"<p>Viele der Shirts und Tops von VARIO-SHIRTS k\u00f6nnen so gefertigt werden, dass sie an den Seiten raffbar sind. Da Aufwand und Stoffverbrauch nat\u00fcrlich h\u00f6her sind, kommt ein Aufpreis von 44,- \u20ac f\u00fcr die Raffung hinzu, die hier einfach zusammen mit &hellip; <a href=\"https:\/\/vario-shirts.com\/?product=raffung\">Weiterlesen <span class=\"meta-nav\">&rarr;<\/span><\/a><\/p>\n","protected":false},"featured_media":4276,"comment_status":"closed","ping_status":"closed","template":"","meta":[],"product_cat":[400],"product_tag":[510,509,401,511],"_links":{"self":[{"href":"https:\/\/vario-shirts.com\/index.php?rest_route=\/wp\/v2\/product\/627"}],"collection":[{"href":"https:\/\/vario-shirts.com\/index.php?rest_route=\/wp\/v2\/product"}],"about":[{"href":"https:\/\/vario-shirts.com\/index.php?rest_route=\/wp\/v2\/types\/product"}],"replies":[{"embeddable":true,"href":"https:\/\/vario-shirts.com\/index.php?rest_route=%2Fwp%2Fv2%2Fcomments&post=627"}],"wp:featuredmedia":[{"embeddable":true,"href":"https:\/\/vario-shirts.com\/index.php?rest_route=\/wp\/v2\/media\/4276"}],"wp:attachment":[{"href":"https:\/\/vario-shirts.com\/index.php?rest_route=%2Fwp%2Fv2%2Fmedia&parent=627"}],"wp:term":[{"taxonomy":"product_cat","embeddable":true,"href":"https:\/\/vario-shirts.com\/index.php?rest_route=%2Fwp%2Fv2%2Fproduct_cat&post=627"},{"taxonomy":"product_tag","embeddable":true,"href":"https:\/\/vario-shirts.com\/index.php?rest_route=%2Fwp%2Fv2%2Fproduct_tag&post=627"}],"curies":[{"name":"wp","href":"https:\/\/api.w.org\/{rel}","templated":true}]}}