{"id":651,"date":"2013-03-04T13:20:56","date_gmt":"2013-03-04T11:20:56","guid":{"rendered":"https:\/\/vario-shirts.com\/?post_type=product&#038;p=651"},"modified":"2025-03-24T18:37:36","modified_gmt":"2025-03-24T16:37:36","slug":"schal-der-vielen-moglichkeiten-no-2","status":"publish","type":"product","link":"https:\/\/vario-shirts.com\/?product=schal-der-vielen-moglichkeiten-no-2","title":{"rendered":"Schal der vielen M\u00f6glichkeiten No.2 (ca. 40 x 150 cm)"},"content":{"rendered":"<p>Dieser wunderbar weiche Rundschal ist an den Seiten eingefasst, und die Enden sind ohne sichtbare Nahtzugabe zusammengen\u00e4ht.<\/p>\n<p>Man kann ihn drinnen oder drau\u00dfen tragen. Er kann ein- bis dreimal um den Hals gewickelt werden, ohne dass zu lange oder zu kurze Ecken st\u00f6ren.<\/p>\n<p>Der Schlauchschal ist ein sch\u00f6nes und praktisches Accessoire und kann einem schlichten Outfit ganz schnell eine gewisse Coolness geben.<\/p>\n<p><strong>Umfang<\/strong>: ca. 150 cm<\/p>\n<p><strong>Breite<\/strong>: ca. 40 cm<\/p>\n<p><strong>Farbe<\/strong>:<br \/>\nje nach Wunsch ein- oder zweifarbig (bitte bei den Optionen ausw\u00e4hlen)<br \/>\nDie zweite Farbe bestimmt die Einfassung an den Seiten.<\/p>\n<p><strong>Material:<\/strong><br \/>\nViskose-Jersey, 96% Viskose, 4% Elasthan<br \/>\n\u00d6ko-Tex Standard 100 zertifiziert, in Deutschland hergestellt<\/p>\n<p><strong>Pflege:<\/strong><br \/>\nWaschen: 30\u00b0 C Feinw\u00e4sche<br \/>\nB\u00fcgeln: 1 Punkt<br \/>\nTrockner: nein<\/p>\n<p><strong>Herkunft<\/strong>:<br \/>\nDieses Kleidungsst\u00fcck wird innerhalb von 2-9 Werktagen (Mo-Fr) nach Bestellung und Zahlungseingang zugeschnitten und gen\u00e4ht (Schnitt und Design sind nat\u00fcrlich von mir).<br \/>\nMade in Germany \/ Brandenburg \/ Elbe-Elster<\/p>\n<p>Der Schal ist hier \u00a0mit dem\u00a0<a title=\"U-Boot-Shirt mit dreiviertel Arm\" href=\"http:\/\/vario-shirts.com\/?product=u-boot-shirt-mit-34-arm\">U-Boot-Shirt mit dreiviertel Arm<\/a>, dem <a title=\"sexy-c-shirt-mit-langen-armeln\" href=\"https:\/\/vario-shirts.com\/?product=sexy-c-shirt-mit-langen-armeln\">Sexy-C-Shirt mit langen \u00c4rmeln<\/a> und\u00a0<a title=\"One Shoulder Top asymmetrisch No. 2\" href=\"http:\/\/vario-shirts.com\/?product=one-shoulder-top-asymmetrisch-no-2\">One Shoulder Top asymmetrisch No.2<\/a> \u00a0kombiniert.<\/p>\n","protected":false},"excerpt":{"rendered":"<p>Dieser wunderbar weiche Rundschal ist an den Seiten eingefasst, und die Enden sind ohne sichtbare Nahtzugabe zusammengen\u00e4ht. Man kann ihn drinnen oder drau\u00dfen tragen. Er kann ein- bis dreimal um den Hals gewickelt werden, ohne dass zu lange oder zu &hellip; <a href=\"https:\/\/vario-shirts.com\/?product=schal-der-vielen-moglichkeiten-no-2\">Weiterlesen <span class=\"meta-nav\">&rarr;<\/span><\/a><\/p>\n","protected":false},"featured_media":652,"comment_status":"open","ping_status":"closed","template":"","meta":[],"product_cat":[187,142,359],"product_tag":[145,355,318,144,143,146],"_links":{"self":[{"href":"https:\/\/vario-shirts.com\/index.php?rest_route=\/wp\/v2\/product\/651"}],"collection":[{"href":"https:\/\/vario-shirts.com\/index.php?rest_route=\/wp\/v2\/product"}],"about":[{"href":"https:\/\/vario-shirts.com\/index.php?rest_route=\/wp\/v2\/types\/product"}],"replies":[{"embeddable":true,"href":"https:\/\/vario-shirts.com\/index.php?rest_route=%2Fwp%2Fv2%2Fcomments&post=651"}],"wp:featuredmedia":[{"embeddable":true,"href":"https:\/\/vario-shirts.com\/index.php?rest_route=\/wp\/v2\/media\/652"}],"wp:attachment":[{"href":"https:\/\/vario-shirts.com\/index.php?rest_route=%2Fwp%2Fv2%2Fmedia&parent=651"}],"wp:term":[{"taxonomy":"product_cat","embeddable":true,"href":"https:\/\/vario-shirts.com\/index.php?rest_route=%2Fwp%2Fv2%2Fproduct_cat&post=651"},{"taxonomy":"product_tag","embeddable":true,"href":"https:\/\/vario-shirts.com\/index.php?rest_route=%2Fwp%2Fv2%2Fproduct_tag&post=651"}],"curies":[{"name":"wp","href":"https:\/\/api.w.org\/{rel}","templated":true}]}}