{"id":661,"date":"2013-03-04T14:19:04","date_gmt":"2013-03-04T12:19:04","guid":{"rendered":"https:\/\/vario-shirts.com\/?post_type=product&#038;p=661"},"modified":"2025-03-24T14:48:18","modified_gmt":"2025-03-24T12:48:18","slug":"stulpen-mit-daumenloch-wendbar","status":"publish","type":"product","link":"https:\/\/vario-shirts.com\/?product=stulpen-mit-daumenloch-wendbar","title":{"rendered":"Wendestulpen mit Daumenloch"},"content":{"rendered":"<p>Diese Stulpen mit Daumenloch sind wendbar. Man kann sie ein- oder zweifarbig, oben und\/oder unten umgeklappt, glatt oder etwas gerafft tragen.<br \/>\nSie sind leicht w\u00e4rmend und passen gut \u00fcber lange oder 3\/4 \u00c4rmel. Sie sehen aber auch sehr schick und cool zu \u00e4rmellosen Oberteilen oder Kleidern aus. Besonders praktisch sind sie morgens zum Autofahren, wenn es noch kalt ist.<\/p>\n<p><strong>L\u00e4nge:<\/strong> ca. 31 cm<\/p>\n<p><strong>Gr\u00f6\u00dfe<\/strong>: Einheitsgr\u00f6\u00dfe passend f\u00fcr Gr\u00f6\u00dfe 34 bis 42<\/p>\n<p><strong>Farbe: <\/strong><br \/>\nje nach Wunsch ein- oder zweifarbig (bitte bei den Optionen ausw\u00e4hlen)<\/p>\n<p><strong>Material:<\/strong><br \/>\nViskose-Jersey, 96% Viskose, 4% Elasthan<br \/>\n\u00d6ko-Tex Standard 100 zertifiziert, in Deutschland hergestellt<\/p>\n<p><strong>Pflege<\/strong>:<br \/>\nWaschen: 30\u00b0 C Feinw\u00e4sche<br \/>\nB\u00fcgeln: 1 Punkt<br \/>\nTrockner: nein<\/p>\n<p><strong>Herkunft: <\/strong><br \/>\nDieses Kleidungsst\u00fcck wird innerhalb von 2-9 Werktagen (Mo-Fr) nach Bestellung und Zahlungseingang zugeschnitten und gen\u00e4ht (Schnitt und Design sind nat\u00fcrlich von mir).<br \/>\nMade in Germany \/ Brandenburg \/ Elbe-Elster<\/p>\n","protected":false},"excerpt":{"rendered":"<p>Diese Stulpen mit Daumenloch sind wendbar. Man kann sie ein- oder zweifarbig, oben und\/oder unten umgeklappt, glatt oder etwas gerafft tragen. Sie sind leicht w\u00e4rmend und passen gut \u00fcber lange oder 3\/4 \u00c4rmel. Sie sehen aber auch sehr schick und &hellip; <a href=\"https:\/\/vario-shirts.com\/?product=stulpen-mit-daumenloch-wendbar\">Weiterlesen <span class=\"meta-nav\">&rarr;<\/span><\/a><\/p>\n","protected":false},"featured_media":665,"comment_status":"open","ping_status":"closed","template":"","meta":[],"product_cat":[187,121,359],"product_tag":[220,318],"_links":{"self":[{"href":"https:\/\/vario-shirts.com\/index.php?rest_route=\/wp\/v2\/product\/661"}],"collection":[{"href":"https:\/\/vario-shirts.com\/index.php?rest_route=\/wp\/v2\/product"}],"about":[{"href":"https:\/\/vario-shirts.com\/index.php?rest_route=\/wp\/v2\/types\/product"}],"replies":[{"embeddable":true,"href":"https:\/\/vario-shirts.com\/index.php?rest_route=%2Fwp%2Fv2%2Fcomments&post=661"}],"wp:featuredmedia":[{"embeddable":true,"href":"https:\/\/vario-shirts.com\/index.php?rest_route=\/wp\/v2\/media\/665"}],"wp:attachment":[{"href":"https:\/\/vario-shirts.com\/index.php?rest_route=%2Fwp%2Fv2%2Fmedia&parent=661"}],"wp:term":[{"taxonomy":"product_cat","embeddable":true,"href":"https:\/\/vario-shirts.com\/index.php?rest_route=%2Fwp%2Fv2%2Fproduct_cat&post=661"},{"taxonomy":"product_tag","embeddable":true,"href":"https:\/\/vario-shirts.com\/index.php?rest_route=%2Fwp%2Fv2%2Fproduct_tag&post=661"}],"curies":[{"name":"wp","href":"https:\/\/api.w.org\/{rel}","templated":true}]}}