{"id":804,"date":"2013-03-21T19:34:29","date_gmt":"2013-03-21T17:34:29","guid":{"rendered":"http:\/\/vario-shirts.com\/?post_type=product&#038;p=804"},"modified":"2025-03-21T10:30:18","modified_gmt":"2025-03-21T08:30:18","slug":"u-boot-tunika-top","status":"publish","type":"product","link":"https:\/\/vario-shirts.com\/?product=u-boot-tunika-top","title":{"rendered":"U-Boot Tunika Top"},"content":{"rendered":"<p>S\u00fc\u00dfes Tunika Top mit U-Boot-Ausschnitt und eingefassten Arml\u00f6chern. Im Sommer kann es gut als Minikleid getragen werden, im Winter sieht es toll aus \u00fcber schmalen Langarmshirts und Leggings oder schmalen Hosen.<\/p>\n<p>Unsere Tuniken sind im Brustbereich schmal geschnitten und im Bauchbereich etwas ausgestellt, sodass man gut kleine Problemzonen verstecken kann.<br \/>\nDurch die untere Weite ist der Schnitt auch optimal f\u00fcr Schwangere und sieht toll aus, mit und ohne Babybauch. Der Saum ist an den Seitenn\u00e4hten leicht nach oben gerundet. Dies sorgt f\u00fcr einen sch\u00f6nen Fall und eine besondere Optik.<\/p>\n<p><strong>Halsausschnitt<\/strong>: U-Boot Form<br \/>\n<strong>Schulterbreite<\/strong>: ca. 5 cm<\/p>\n<p><strong>L\u00e4nge:<\/strong><br \/>\nca. 65 cm,<br \/>\nca. 75 cm (+15,- EUR) oder<br \/>\nca. 85 cm (+ 30,- EUR)<br \/>\nbitte bei den Optionen w\u00e4hlen<\/p>\n<p><strong>Gr\u00f6\u00dfe:<\/strong><br \/>\nKann in Gr\u00f6\u00dfe 32, 34, 36, 38, 40, 42, 44 oder 46 gefertigt werden.<br \/>\nBitte die Ma\u00dftabelle bei den Bildern beachten, die Gr\u00f6\u00dfen fallen vergleichsweise klein aus!<\/p>\n<p><strong>Material:<\/strong><br \/>\nViskose-Jersey, 96% Viskose, 4% Elasthan<br \/>\n\u00d6ko-Tex Standard 100 zertifiziert, in Deutschland hergestellt<\/p>\n<p><strong>Pflege:<\/strong><br \/>\nWaschen: 30\u00b0 C Feinw\u00e4sche<br \/>\nB\u00fcgeln: 1 Punkt<br \/>\nTrockner: nein<\/p>\n<p><strong>Herkunft: <\/strong><br \/>\nDieses Kleidungsst\u00fcck wird innerhalb von 2-9 Werktagen (Mo-Fr) nach Bestellung und Zahlungseingang zugeschnitten und gen\u00e4ht (Schnitt und Design sind nat\u00fcrlich von mir).<br \/>\nMade in Germany \/ Brandenburg \/ Elbe-Elster<\/p>\n<p><strong>Extras:<\/strong><br \/>\nDieses Kleidungsst\u00fcck kann mit <a title=\"Stilleinsatz\" href=\"https:\/\/vario-shirts.com\/?product=stilleinsatz\">Stilleinsatz<\/a> gefertigt werden. Bitte einfach dazu bestellen.<\/p>\n","protected":false},"excerpt":{"rendered":"<p>S\u00fc\u00dfes Tunika Top mit U-Boot-Ausschnitt und eingefassten Arml\u00f6chern. Im Sommer kann es gut als Minikleid getragen werden, im Winter sieht es toll aus \u00fcber schmalen Langarmshirts und Leggings oder schmalen Hosen. Unsere Tuniken sind im Brustbereich schmal geschnitten und im &hellip; <a href=\"https:\/\/vario-shirts.com\/?product=u-boot-tunika-top\">Weiterlesen <span class=\"meta-nav\">&rarr;<\/span><\/a><\/p>\n","protected":false},"featured_media":806,"comment_status":"open","ping_status":"closed","template":"","meta":[],"product_cat":[159,207,151,163,152,386],"product_tag":[318,396,399],"_links":{"self":[{"href":"https:\/\/vario-shirts.com\/index.php?rest_route=\/wp\/v2\/product\/804"}],"collection":[{"href":"https:\/\/vario-shirts.com\/index.php?rest_route=\/wp\/v2\/product"}],"about":[{"href":"https:\/\/vario-shirts.com\/index.php?rest_route=\/wp\/v2\/types\/product"}],"replies":[{"embeddable":true,"href":"https:\/\/vario-shirts.com\/index.php?rest_route=%2Fwp%2Fv2%2Fcomments&post=804"}],"wp:featuredmedia":[{"embeddable":true,"href":"https:\/\/vario-shirts.com\/index.php?rest_route=\/wp\/v2\/media\/806"}],"wp:attachment":[{"href":"https:\/\/vario-shirts.com\/index.php?rest_route=%2Fwp%2Fv2%2Fmedia&parent=804"}],"wp:term":[{"taxonomy":"product_cat","embeddable":true,"href":"https:\/\/vario-shirts.com\/index.php?rest_route=%2Fwp%2Fv2%2Fproduct_cat&post=804"},{"taxonomy":"product_tag","embeddable":true,"href":"https:\/\/vario-shirts.com\/index.php?rest_route=%2Fwp%2Fv2%2Fproduct_tag&post=804"}],"curies":[{"name":"wp","href":"https:\/\/api.w.org\/{rel}","templated":true}]}}