{"id":88,"date":"2012-10-23T21:50:47","date_gmt":"2012-10-23T19:50:47","guid":{"rendered":"http:\/\/vario-shirts.com\/?post_type=product&#038;p=88"},"modified":"2025-03-24T14:31:22","modified_gmt":"2025-03-24T12:31:22","slug":"bauchband-nierenwarmer-gerafft","status":"publish","type":"product","link":"https:\/\/vario-shirts.com\/?product=bauchband-nierenwarmer-gerafft","title":{"rendered":"Bauchband gerafft"},"content":{"rendered":"<p>Dieses wunderbar anschmiegsame Bauchband kann auf viele Arten zum Einsatz kommen.<br \/>\nEs schlie\u00dft die L\u00fccke zwischen Shirt und Hose beim B\u00fccken oder Radfahren, sch\u00fctzt ein wenig die Nieren, versteckt einen offenen Hosenbund oder kann als Minir\u00f6ckchen oder Shirt-Verl\u00e4ngerung \u00fcber der Hose getragen werden.<br \/>\nDurch die seitliche Raffung schmiegt es sich wunderbar \u00fcber die H\u00fcften oder an einen Babybauch und kann vor, w\u00e4hrend und nach einer Schwangerschaft getragen werden.<\/p>\n<p><strong>ACHTUNG!<\/strong><br \/>\nNach der Konstruktion sitzt das Bauchband zwischen Taille und H\u00fcfte. Wenn es tiefer sitzen oder \u00fcber dickeren Hosen getragen werden soll, bitte etwas gr\u00f6sser bestellen, da die Elastizit\u00e4t des Stoffes begrenzt ist. Die Gr\u00f6\u00dfen fallen vergleichsweise klein aus (ausschlaggebend sind Taillenumfang und das Ma\u00df ca. 8 cm unter der Taille).<\/p>\n<p><strong>Gr\u00f6\u00dfe:<\/strong><br \/>\nKann in Gr\u00f6\u00dfe 32, 34, 36, 38, 40, 42, 44 oder 46 gefertigt werden.<\/p>\n<p><strong>Material:<\/strong><br \/>\nViskose-Jersey, 96% Viskose, 4% Elasthan<br \/>\n\u00d6ko-Tex Standard 100 zertifiziert, in Deutschland hergestellt<\/p>\n<p><strong>Pflege<\/strong>:<br \/>\nWaschen: 30\u00b0 C Feinw\u00e4sche<br \/>\nB\u00fcgeln: 1 Punkt<br \/>\nTrockner: nein<\/p>\n<p><strong>Herkunft<\/strong>:<br \/>\nDieses Kleidungsst\u00fcck wird innerhalb von 2-9 Werktagen (Mo-Fr) nach Bestellung und Zahlungseingang zugeschnitten und gen\u00e4ht (Schnitt und Design sind nat\u00fcrlich von mir).<br \/>\nMade in Germany \/ Brandenburg \/ Elbe-Elster<\/p>\n","protected":false},"excerpt":{"rendered":"<p>Dieses wunderbar anschmiegsame Bauchband kann auf viele Arten zum Einsatz kommen. Es schlie\u00dft die L\u00fccke zwischen Shirt und Hose beim B\u00fccken oder Radfahren, sch\u00fctzt ein wenig die Nieren, versteckt einen offenen Hosenbund oder kann als Minir\u00f6ckchen oder Shirt-Verl\u00e4ngerung \u00fcber der &hellip; <a href=\"https:\/\/vario-shirts.com\/?product=bauchband-nierenwarmer-gerafft\">Weiterlesen <span class=\"meta-nav\">&rarr;<\/span><\/a><\/p>\n","protected":false},"featured_media":1569,"comment_status":"open","ping_status":"closed","template":"","meta":[],"product_cat":[187,125,359,434],"product_tag":[37,38,360,361,309,318,39],"_links":{"self":[{"href":"https:\/\/vario-shirts.com\/index.php?rest_route=\/wp\/v2\/product\/88"}],"collection":[{"href":"https:\/\/vario-shirts.com\/index.php?rest_route=\/wp\/v2\/product"}],"about":[{"href":"https:\/\/vario-shirts.com\/index.php?rest_route=\/wp\/v2\/types\/product"}],"replies":[{"embeddable":true,"href":"https:\/\/vario-shirts.com\/index.php?rest_route=%2Fwp%2Fv2%2Fcomments&post=88"}],"wp:featuredmedia":[{"embeddable":true,"href":"https:\/\/vario-shirts.com\/index.php?rest_route=\/wp\/v2\/media\/1569"}],"wp:attachment":[{"href":"https:\/\/vario-shirts.com\/index.php?rest_route=%2Fwp%2Fv2%2Fmedia&parent=88"}],"wp:term":[{"taxonomy":"product_cat","embeddable":true,"href":"https:\/\/vario-shirts.com\/index.php?rest_route=%2Fwp%2Fv2%2Fproduct_cat&post=88"},{"taxonomy":"product_tag","embeddable":true,"href":"https:\/\/vario-shirts.com\/index.php?rest_route=%2Fwp%2Fv2%2Fproduct_tag&post=88"}],"curies":[{"name":"wp","href":"https:\/\/api.w.org\/{rel}","templated":true}]}}