{"id":988,"date":"2013-07-28T16:39:45","date_gmt":"2013-07-28T14:39:45","guid":{"rendered":"http:\/\/vario-shirts.com\/?post_type=product&#038;p=988"},"modified":"2025-03-24T11:52:21","modified_gmt":"2025-03-24T09:52:21","slug":"wasserfall-kleid-gerade-armellos","status":"publish","type":"product","link":"https:\/\/vario-shirts.com\/?product=wasserfall-kleid-gerade-armellos","title":{"rendered":"Wasserfall Kleid \u00e4rmellos, Made in Germany"},"content":{"rendered":"<p>Supersch\u00f6nes und bequemes Kleid mit Wasserfallausschnitt und eingefassten Arml\u00f6chern.<\/p>\n<p>Das Kleid ist sehr vielseitig und kann solo als Kleid oder \u00fcber schmalen Hosen, Shirts und Leggings getragen werden. Damit ist man zu fast jedem Anlass perfekt gekleidet.<\/p>\n<p>reinschl\u00fcpfen-wohlf\u00fchlen-gut aussehen<\/p>\n<p><strong>L\u00e4nge:<\/strong><br \/>\nca. 85 cm<br \/>\nca. 95 cm (zzgl. 15,00 EUR)<br \/>\nca. 105 cm (zzgl. 30,00 EUR)<br \/>\nbitte bei den Optionen w\u00e4hlen<\/p>\n<p><strong>Gr\u00f6\u00dfe:<\/strong><br \/>\nKann in Gr\u00f6\u00dfe 32, 34, 36, 38, 40, 42, 44 oder 46 gefertigt werden.<br \/>\nBitte die Ma\u00dftabelle bei den Bildern beachten, die Gr\u00f6\u00dfen fallen vergleichsweise klein aus!<\/p>\n<p><strong>Material:<\/strong><br \/>\nViskose-Jersey, 96% Viskose, 4% Elasthan<br \/>\n\u00d6ko-Tex Standard 100 zertifiziert, in Deutschland hergestellt<\/p>\n<p><strong>Pflege:<\/strong><br \/>\nWaschen: 30\u00b0 C Feinw\u00e4sche<br \/>\nB\u00fcgeln: 1 Punkt<br \/>\nTrockner: nein<\/p>\n<p><strong>Herkunft: <\/strong><br \/>\nDieses Kleidungsst\u00fcck wird innerhalb von 2-9 Werktagen (Mo-Fr) nach Bestellung und Zahlungseingang zugeschnitten und gen\u00e4ht (Schnitt und Design sind nat\u00fcrlich von mir).<\/p>\n<p>Made in Germany \/ Brandenburg \/ Elbe-Elster<\/p>\n","protected":false},"excerpt":{"rendered":"<p>Supersch\u00f6nes und bequemes Kleid mit Wasserfallausschnitt und eingefassten Arml\u00f6chern. Das Kleid ist sehr vielseitig und kann solo als Kleid oder \u00fcber schmalen Hosen, Shirts und Leggings getragen werden. Damit ist man zu fast jedem Anlass perfekt gekleidet. reinschl\u00fcpfen-wohlf\u00fchlen-gut aussehen L\u00e4nge: &hellip; <a href=\"https:\/\/vario-shirts.com\/?product=wasserfall-kleid-gerade-armellos\">Weiterlesen <span class=\"meta-nav\">&rarr;<\/span><\/a><\/p>\n","protected":false},"featured_media":3989,"comment_status":"open","ping_status":"closed","template":"","meta":[],"product_cat":[120,209,127,315],"product_tag":[170,309,172,318,171,215,132],"_links":{"self":[{"href":"https:\/\/vario-shirts.com\/index.php?rest_route=\/wp\/v2\/product\/988"}],"collection":[{"href":"https:\/\/vario-shirts.com\/index.php?rest_route=\/wp\/v2\/product"}],"about":[{"href":"https:\/\/vario-shirts.com\/index.php?rest_route=\/wp\/v2\/types\/product"}],"replies":[{"embeddable":true,"href":"https:\/\/vario-shirts.com\/index.php?rest_route=%2Fwp%2Fv2%2Fcomments&post=988"}],"wp:featuredmedia":[{"embeddable":true,"href":"https:\/\/vario-shirts.com\/index.php?rest_route=\/wp\/v2\/media\/3989"}],"wp:attachment":[{"href":"https:\/\/vario-shirts.com\/index.php?rest_route=%2Fwp%2Fv2%2Fmedia&parent=988"}],"wp:term":[{"taxonomy":"product_cat","embeddable":true,"href":"https:\/\/vario-shirts.com\/index.php?rest_route=%2Fwp%2Fv2%2Fproduct_cat&post=988"},{"taxonomy":"product_tag","embeddable":true,"href":"https:\/\/vario-shirts.com\/index.php?rest_route=%2Fwp%2Fv2%2Fproduct_tag&post=988"}],"curies":[{"name":"wp","href":"https:\/\/api.w.org\/{rel}","templated":true}]}}